{"id":167,"date":"2009-12-12T15:01:16","date_gmt":"2009-12-12T13:01:16","guid":{"rendered":"http:\/\/econoweb.es\/?page_id=167"},"modified":"2009-12-12T16:41:11","modified_gmt":"2009-12-12T14:41:11","slug":"ponencia-de-selectividad-dia-11-de-diciembre-de-1009","status":"publish","type":"page","link":"http:\/\/econoweb.es\/?page_id=167","title":{"rendered":"PONENCIA DE SELECTIVIDAD: D\u00eda 11 de Diciembre de 2009"},"content":{"rendered":"<p>Para aquellos que no hayan asistido a la ponencia de Selectividad del Viernes 11 de Diciembre de 2009 les dejo la informaci\u00f3n que nos ha mostrado dicha ponencia para los ex\u00e1menes de este curso 2009\/2010. ECONOWEB <b>no se responsabiliza <\/b>de la interpretaci\u00f3n o adecuaci\u00f3n de la prueba a estas indicaciones. &nbsp;<br \/>\n&nbsp;<br \/>\n<strong><\/p>\n<p style=\"color:#FF0066;\"> COSAS QUE <span style=\"font-size: xx-large;\"> <u>NO<\/u> <\/span> ENTRAN EN SELECTIVIDAD (NI EN TEOR\u00cdA Y EN LA PR\u00c1CTICA) <\/p>\n<p><\/strong><\/p>\n<ul>\n<li>FISCALIDAD<\/li>\n<li>GESTI\u00d3N DE STOCK CON SUS DIFERENTES MODELOS<\/li>\n<li>M\u00c9TODOS DE LA PLANIFICACI\u00d3N DE LA PRODUCCI\u00d3N (PERT Y GANTT)<\/li>\n<li>MARGEN DE ROTACI\u00d3N Y APALANCAMIENTO FINANCIERO.<\/li>\n<li>CASH-FLOW<\/li>\n<li>\u00c1RBOLES Y MATRICES DE DECISI\u00d3N<\/li>\n<li>COSTE FINANCIERO (CONCRETAMENTE CORRESPONDE AL APARTADO 9.6 DE LA PROGRAMACI\u00d3N)<\/li>\n<li>EL PROYECTO EMPRESARIAL<\/li>\n<\/ul>\n<p><strong><\/p>\n<p style=\"color:#FF0066;\" > COSAS QUE <span style=\"font-size: xx-large;\" ><u> NO<\/u> <\/span> ENTRAN EN PROBLEMAS PERO <span style=\"font-size: xx-large;\" > <u> S\u00cd<\/u> <\/span> EN TEOR\u00cdA &nbsp; <\/p>\n<p><\/strong><\/p>\n<ul>\n<li>PRODUCTO MEDIO DE MADURACI\u00d3N (PMM)<\/li>\n<li>TASA INTERNA DE RENTABILIDAD (TIR)<\/li>\n<li>DERECHO DE SUSCRIPCI\u00d3N<\/li>\n<\/ul>\n<p><\/p>\n<p><b>Informaci\u00f3n adicional interesante:<\/b> &nbsp;<\/p>\n<ul>\n<li>Los ratios contables   llevar\u00e1n sus f\u00f3rmulas menos la Rentabilidad Econ\u00f3mica (RE) y la rentabilidad   Financiera (RF)<\/li>\n<li>Los ratios se adaptar\u00e1n   a la terminolog\u00eda que aparecen en al menos dos de los libros de textos   m\u00e1s utilizados.<\/li>\n<li>Para la realizaci\u00f3n   de los ejercicios y teor\u00edas correspondiente a la contabilidad, \u00e9sta   deber\u00e1 utilizar la nomenclatura del nuevo PLAN GENERAL de 2007. El   Plan General pueden encontrarlo en el BOE n\u00ba 278 de 20 de Noviembre   de 2007.\n<p>Si quiere ver las cuentas que normalmente aparecen en los ejercicios   de contabilidad (y que nos lo remiti\u00f3 la ponencia) puede pulsar <a href=\"http:\/\/www.econoweb.es\/blog\/doc\/balance.pdf\" target=\"_blank\"><img loading=\"lazy\" decoding=\"async\" src=\"http:\/\/www.econoweb.es\/blog\/doc\/down.jpg\" width=\"24\" height=\"24\" border=\"0\"> aqu\u00ed<\/a>.<\/p>\n<\/li>\n<\/ul>\n","protected":false},"excerpt":{"rendered":"<p>Para aquellos que no hayan asistido a la ponencia de Selectividad del Viernes 11 de Diciembre de 2009 les dejo la informaci\u00f3n que nos ha mostrado dicha ponencia para los ex\u00e1menes de este curso 2009\/2010. ECONOWEB no se responsabiliza de la interpretaci\u00f3n o adecuaci\u00f3n de la prueba a estas indicaciones. &nbsp; &nbsp; COSAS QUE NO [&hellip;]<\/p>\n","protected":false},"author":1,"featured_media":0,"parent":0,"menu_order":0,"comment_status":"open","ping_status":"open","template":"","meta":{"footnotes":""},"class_list":["post-167","page","type-page","status-publish","hentry"],"_links":{"self":[{"href":"http:\/\/econoweb.es\/index.php?rest_route=\/wp\/v2\/pages\/167","targetHints":{"allow":["GET"]}}],"collection":[{"href":"http:\/\/econoweb.es\/index.php?rest_route=\/wp\/v2\/pages"}],"about":[{"href":"http:\/\/econoweb.es\/index.php?rest_route=\/wp\/v2\/types\/page"}],"author":[{"embeddable":true,"href":"http:\/\/econoweb.es\/index.php?rest_route=\/wp\/v2\/users\/1"}],"replies":[{"embeddable":true,"href":"http:\/\/econoweb.es\/index.php?rest_route=%2Fwp%2Fv2%2Fcomments&post=167"}],"version-history":[{"count":23,"href":"http:\/\/econoweb.es\/index.php?rest_route=\/wp\/v2\/pages\/167\/revisions"}],"predecessor-version":[{"id":196,"href":"http:\/\/econoweb.es\/index.php?rest_route=\/wp\/v2\/pages\/167\/revisions\/196"}],"wp:attachment":[{"href":"http:\/\/econoweb.es\/index.php?rest_route=%2Fwp%2Fv2%2Fmedia&parent=167"}],"curies":[{"name":"wp","href":"https:\/\/api.w.org\/{rel}","templated":true}]}}