{"id":35,"date":"2007-09-07T17:23:17","date_gmt":"2007-09-07T15:23:17","guid":{"rendered":"http:\/\/econoweb.es\/blog\/?page_id=35"},"modified":"2007-09-14T15:09:39","modified_gmt":"2007-09-14T13:09:39","slug":"contactar","status":"publish","type":"page","link":"http:\/\/econoweb.es\/?page_id=35","title":{"rendered":"Contactar"},"content":{"rendered":"<p>En construcci\u00f3n, Disculpen las Molestias<\/p>\n<p>Como Contactar con  <strong>Jos\u00e9 Antonio R\u00edos Pab\u00f3n<\/strong><\/p>\n<p> &#8211; Administraci\u00f3n de la Web: <strong>Admin@EconoWeb.es<\/strong><br \/>\n &#8211; Centros de Educaci\u00f3n: <strong>Profe@EconoWeb.es<\/strong><\/p>\n","protected":false},"excerpt":{"rendered":"<p>En construcci\u00f3n, Disculpen las Molestias Como Contactar con Jos\u00e9 Antonio R\u00edos Pab\u00f3n &#8211; Administraci\u00f3n de la Web: Admin@EconoWeb.es &#8211; Centros de Educaci\u00f3n: Profe@EconoWeb.es<\/p>\n","protected":false},"author":1,"featured_media":0,"parent":0,"menu_order":0,"comment_status":"open","ping_status":"open","template":"","meta":{"footnotes":""},"class_list":["post-35","page","type-page","status-publish","hentry"],"_links":{"self":[{"href":"http:\/\/econoweb.es\/index.php?rest_route=\/wp\/v2\/pages\/35","targetHints":{"allow":["GET"]}}],"collection":[{"href":"http:\/\/econoweb.es\/index.php?rest_route=\/wp\/v2\/pages"}],"about":[{"href":"http:\/\/econoweb.es\/index.php?rest_route=\/wp\/v2\/types\/page"}],"author":[{"embeddable":true,"href":"http:\/\/econoweb.es\/index.php?rest_route=\/wp\/v2\/users\/1"}],"replies":[{"embeddable":true,"href":"http:\/\/econoweb.es\/index.php?rest_route=%2Fwp%2Fv2%2Fcomments&post=35"}],"version-history":[{"count":0,"href":"http:\/\/econoweb.es\/index.php?rest_route=\/wp\/v2\/pages\/35\/revisions"}],"wp:attachment":[{"href":"http:\/\/econoweb.es\/index.php?rest_route=%2Fwp%2Fv2%2Fmedia&parent=35"}],"curies":[{"name":"wp","href":"https:\/\/api.w.org\/{rel}","templated":true}]}}