{"id":40,"date":"2007-09-19T12:03:40","date_gmt":"2007-09-19T10:03:40","guid":{"rendered":"http:\/\/econoweb.es\/blog\/?page_id=40"},"modified":"2007-09-19T22:22:09","modified_gmt":"2007-09-19T20:22:09","slug":"webquest-economia","status":"publish","type":"page","link":"http:\/\/econoweb.es\/?page_id=40","title":{"rendered":"Webquest Econom\u00eda"},"content":{"rendered":"<p><img decoding=\"async\" src=\"http:\/\/www.econoweb.es\/imagenes\/we.jpg\"><\/p>\n<p>&nbsp;<\/p>\n<table width=\"484\" border=\"0\" align=\"center\" cellpadding=\"2\" cellspacing=\"3\">\n<tr>\n<td colspan=\"2\" align=\"center\" bgcolor=\"#E7CFF3\"><span class=\"Estilo1\"><a href=\"http:\/\/www.ecobachillerato.com\/webquests\/websquests.htm\"><img decoding=\"async\" src=\"http:\/\/www.econoweb.es\/imagenes\/ayuda.jpg\" border=\"0\" align=\"absmiddle\">\u00bfQu\u00e9 es una webquest de econom\u00eda?<\/a>      <\/span><\/td>\n<\/tr>\n<tr>\n<td align=\"center\">&nbsp;<\/td>\n<td align=\"center\">&nbsp;<\/td>\n<\/tr>\n<tr>\n<td align=\"center\"><a href=\"http:\/\/www.educa.aragob.es\/catedu\/araquest\/wqprimaria\/gasolina\/index.html\" target=\"_blank\"><img loading=\"lazy\" decoding=\"async\" src=\"http:\/\/www.econoweb.es\/imagenes\/webquest\/pdect.jpg\" width=\"240\" height=\"118\" border=\"0\"><\/a><\/td>\n<td align=\"center\"><a href=\"http:\/\/web.usal.es\/~anisi\/Art\/C.pdf\" target=\"_blank\"><img loading=\"lazy\" decoding=\"async\" src=\"http:\/\/www.econoweb.es\/imagenes\/webquest\/ce.jpg\" width=\"240\" height=\"118\" border=\"0\"><\/a><\/td>\n<\/tr>\n<tr>\n<td align=\"center\" valign=\"top\" bgcolor=\"#FFECD9\"><a href=\"http:\/\/www.educa.aragob.es\/catedu\/araquest\/wqprimaria\/gasolina\/index.html\" target=\"_blank\">Portal de educaci\u00f3n c\u00edvico tributaria realizado por  la agencia tributaria<\/a><\/td>\n<td align=\"center\" valign=\"top\" bgcolor=\"#FFECD9\"><a href=\"http:\/\/web.usal.es\/~anisi\/Art\/C.pdf\" target=\"_blank\">Publicado la edici\u00f3n electr\u00f3nica GRATUITA de  CUENTOS ECON\u00d3MICOS de David Anisi, catedr\u00e1tico de Econom\u00eda e Historia en la  Universidad de Salamanca<\/a><\/td>\n<\/tr>\n<tr>\n<td align=\"center\"><a href=\"http:\/\/obrasocial.bancaja.es\/emprendedores\/juego-para-emprendedores\/juego-para-emprendedores.aspx\" target=\"_blank\"><img loading=\"lazy\" decoding=\"async\" src=\"http:\/\/www.econoweb.es\/imagenes\/webquest\/jbc.jpg\" width=\"240\" height=\"118\" border=\"0\"><\/a><\/td>\n<td align=\"center\"><a href=\"http:\/\/www.cajadeburgos.es\/cuentos\/\" target=\"_blank\"><img loading=\"lazy\" decoding=\"async\" src=\"http:\/\/www.econoweb.es\/imagenes\/webquest\/historiadinero.gif\" width=\"227\" height=\"164\" border=\"0\"><\/a><\/td>\n<\/tr>\n<tr>\n<td align=\"center\" bgcolor=\"#FFECD9\"><a href=\"http:\/\/obrasocial.bancaja.es\/emprendedores\/juego-para-emprendedores\/juego-para-emprendedores.aspx%23\" target=\"_blank\">Juego para emprendedores realizado por Bancaja<\/a><\/td>\n<td align=\"center\" bgcolor=\"#FFECD9\"><a href=\"http:\/\/www.cajadeburgos.es\/cuentos\/\" target=\"_blank\">Historia del dinero realizada por la Caja Burgos<\/a><\/td>\n<\/tr>\n<tr>\n<td align=\"center\"><a href=\"http:\/\/www.webquestcat.org\/enlla\/?cat=57\" target=\"_blank\"><img loading=\"lazy\" decoding=\"async\" src=\"http:\/\/www.econoweb.es\/imagenes\/webquest\/wqc.jpg\" width=\"240\" height=\"118\" border=\"0\"><\/a><\/td>\n<td align=\"center\"><a href=\"http:\/\/www.ecobachillerato.com\/webquestseco\/webquestseco.htm\" target=\"_blank\"><img loading=\"lazy\" decoding=\"async\" src=\"http:\/\/www.econoweb.es\/imagenes\/webquest\/e.jpg\" width=\"240\" height=\"118\" border=\"0\"><\/a><\/td>\n<\/tr>\n<tr>\n<td align=\"center\" bgcolor=\"#FFECD9\"><a href=\"http:\/\/www.webquestcat.org\/enlla\/?cat=57\" target=\"_blank\">Comunidad catalana de Webquest (WQ.cat)<\/a><\/td>\n<td align=\"center\" bgcolor=\"#FFECD9\"><a href=\"http:\/\/www.ecobachillerato.com\/webquestseco\/webquestseco.htm\" target=\"_blank\">Recursos desarrollados en ecobachillerato<\/a><\/td>\n<\/tr>\n<\/table>\n<p><strong>Webquest interactivas<\/strong> (hace falta <a href=\"http:\/\/www.macromedia.com\/shockwave\/download\/download.cgi?P1_Prod_Version=Shockwave?Lang=Spanish&#038;P5_Language=Spanish\" target=\"_blank\">Shockware Flash Player<\/a>)<\/p>\n<ul type=\"disc\">\n<li><a href=\"http:\/\/www.educa.aragob.es\/cprcalat\/wq\/credito\/index.html\">Tema: Pidamos       un cr\u00e9dito&#8230;.<\/a><strong> <\/strong><\/li>\n<li><a href=\"http:\/\/www.educa.aragob.es\/catedu\/araquest\/wqprimaria\/muebles\/index.html\">Tema:       Proyectamos y presupuestamos un sal\u00f3n<\/a> <\/li>\n<li><a href=\"http:\/\/www.educa.aragob.es\/catedu\/araquest\/wqprimaria\/gasolina\/index.html\">Tema:       Presupuestamos un viaje<\/a><\/li>\n<\/ul>\n<p><\/p>\n<table width=\"480\" border=\"1\" align=\"center\" cellpadding=\"3\" cellspacing=\"3\">\n<tr>\n<td colspan=\"3\" align=\"center\" valign=\"top\" bgcolor=\"#D2F8A0\">\n<p><strong>Econom\u00eda   1\u00ba    Bachillerato<\/strong><\/p>\n<\/td>\n<\/tr>\n<tr>\n<td width=\"246\" align=\"center\" valign=\"top\">\n<p><strong>TEMA<\/strong><\/p>\n<\/td>\n<td width=\"121\" align=\"center\" valign=\"top\">\n<p><strong>AUTOR\/A<\/strong><\/p>\n<\/td>\n<td width=\"75\" align=\"center\" valign=\"top\">\n<p><strong>URL<\/strong><\/p>\n<\/td>\n<\/tr>\n<tr>\n<td width=\"246\" align=\"center\" valign=\"top\">\n<p><a href=\"http:\/\/web.educastur.princast.es\/cursos\/cursowqp\/aplic\/gemma perez\/Producto Final\/webquest.htm\" target=\"_blank\">El medio ambiente y la Econom\u00eda  (Los fallos del mercado y las    externalidades)<\/a><\/p>\n<\/td>\n<td width=\"121\" align=\"center\" valign=\"top\">\n<p>Genma P\u00e9rez<\/p>\n<\/td>\n<td width=\"75\" align=\"center\" valign=\"middle\">\n<p><a href=\"http:\/\/web.educastur.princast.es\/cursos\/cursowqp\/aplic\/gemma perez\/Producto Final\/webquest.htm\" target=\"_blank\">www<\/a><\/p>\n<\/td>\n<\/tr>\n<tr>\n<td width=\"246\" align=\"center\" valign=\"top\" bgcolor=\"#E8FFF3\">\n<p><a href=\"http:\/\/web.educastur.princast.es\/cursos\/cursowqp\/aplic\/victoria vuelta\/indice.htm\" target=\"_blank\">El sistema financiero espa\u00f1ol<\/a><\/p>\n<\/td>\n<td width=\"121\" align=\"center\" valign=\"top\" bgcolor=\"#E8FFF3\">\n<p>M\u00aa Victoria Vuelta Ovalle   <\/p>\n<\/td>\n<td width=\"75\" align=\"center\" valign=\"middle\" bgcolor=\"#E8FFF3\">\n<p><a href=\"http:\/\/web.educastur.princast.es\/cursos\/cursowqp\/aplic\/victoria vuelta\/indice.htm\" target=\"_blank\">www<\/a><\/p>\n<\/td>\n<\/tr>\n<tr>\n<td width=\"246\" align=\"center\" valign=\"top\">\n<p><a href=\"http:\/\/www.phpwebquest.org\/wq25\/webquest\/soporte_tablon_w.php?id_actividad=25406&#038;id_pagina=1\" target=\"_blank\">Planificando un evento <\/a> <\/p>\n<\/td>\n<td width=\"121\" align=\"center\" valign=\"top\">\n<p>Miyuki Mabe  <\/p>\n<\/td>\n<td width=\"75\" align=\"center\" valign=\"middle\">\n<p><a href=\"http:\/\/www.phpwebquest.org\/wq25\/webquest\/soporte_tablon_w.php?id_actividad=25406&#038;id_pagina=1\" target=\"_blank\">www<\/a><\/p>\n<\/td>\n<\/tr>\n<tr bgcolor=\"#E8FFF3\">\n<td width=\"246\" align=\"center\" valign=\"top\" bgcolor=\"#E8FFF3\">\n<p><a href=\"http:\/\/www.phpwebquest.org\/wq25\/webquest\/soporte_tabbed_w.php?id_actividad=25227&#038;id_pagina=1\" target=\"_blank\">Toma de decisiones del consumidor  <\/a><\/p>\n<\/td>\n<td width=\"121\" align=\"center\" valign=\"top\" bgcolor=\"#E8FFF3\">\n<p>Oscar Juarez   <\/p>\n<\/td>\n<td width=\"75\" align=\"center\" valign=\"middle\" bgcolor=\"#E8FFF3\">\n<p><a href=\"http:\/\/www.phpwebquest.org\/wq25\/webquest\/soporte_tabbed_w.php?id_actividad=25227&#038;id_pagina=1\" target=\"_blank\">www<\/a><\/p>\n<\/td>\n<\/tr>\n<tr>\n<td width=\"246\" align=\"center\" valign=\"top\">\n<p><a href=\"http:\/\/www.phpwebquest.org\/wq25\/webquest\/soporte_derecha_w.php?id_actividad=25188&#038;id_pagina=1\" target=\"_blank\">Producto interior bruto de el salvador<\/a><\/p>\n<\/td>\n<td width=\"121\" align=\"center\" valign=\"top\">\n<p>Walter Francisco Vazquez<\/p>\n<\/td>\n<td width=\"75\" align=\"center\" valign=\"middle\">\n<p><a href=\"http:\/\/www.phpwebquest.org\/wq25\/webquest\/soporte_derecha_w.php?id_actividad=25188&#038;id_pagina=1\" target=\"_blank\">www<\/a><\/p>\n<\/td>\n<\/tr>\n<tr bgcolor=\"#E8FFF3\">\n<td width=\"246\" align=\"center\" valign=\"top\" bgcolor=\"#E8FFF3\">\n<p><a href=\"http:\/\/www.phpwebquest.org\/wq25\/webquest\/soporte_tabbed_w.php?id_actividad=25192&#038;id_pagina=1\" target=\"_blank\">La globalizaci\u00f3n <\/a> <\/p>\n<\/td>\n<td width=\"121\" align=\"center\" valign=\"top\" bgcolor=\"#E8FFF3\">\n<p>Julio Sagastumez   <\/p>\n<\/td>\n<td width=\"75\" align=\"center\" valign=\"middle\" bgcolor=\"#E8FFF3\">\n<p><a href=\"http:\/\/www.phpwebquest.org\/wq25\/webquest\/soporte_tabbed_w.php?id_actividad=25192&#038;id_pagina=1\" target=\"_blank\">www<\/a><\/p>\n<\/td>\n<\/tr>\n<tr>\n<td width=\"246\" align=\"center\" valign=\"top\">\n<p><a href=\"http:\/\/www.phpwebquest.org\/wq25\/webquest\/soporte_tablon_w.php?id_actividad=25225&#038;id_pagina=1\" target=\"_blank\">Mejora de la productividad   <\/a><\/p>\n<\/td>\n<td width=\"121\" align=\"center\" valign=\"top\">\n<p>Juan Carlos Alas    <\/p>\n<\/td>\n<td width=\"75\" align=\"center\" valign=\"middle\">\n<p><a href=\"http:\/\/www.phpwebquest.org\/wq25\/webquest\/soporte_tablon_w.php?id_actividad=25225&#038;id_pagina=1\" target=\"_blank\">www<\/a><\/p>\n<\/td>\n<\/tr>\n<tr bgcolor=\"#E8FFF3\">\n<td width=\"246\" align=\"center\" valign=\"top\" bgcolor=\"#E8FFF3\">\n<p><a href=\"http:\/\/www.phpwebquest.org\/wq25\/webquest\/soporte_mondrian_w.php?id_actividad=25239&#038;id_pagina=1\" target=\"_blank\">Crecimiento econ\u00f3mico  <\/a><\/p>\n<\/td>\n<td width=\"121\" align=\"center\" valign=\"top\" bgcolor=\"#E8FFF3\">\n<p>Rosal\u00eda Soley  <\/p>\n<\/td>\n<td width=\"75\" align=\"center\" valign=\"middle\" bgcolor=\"#E8FFF3\">\n<p><a href=\"http:\/\/www.phpwebquest.org\/wq25\/webquest\/soporte_mondrian_w.php?id_actividad=25239&#038;id_pagina=1\" target=\"_blank\">www<\/a><\/p>\n<\/td>\n<\/tr>\n<tr>\n<td width=\"246\" align=\"center\" valign=\"top\">\n<p><a href=\"http:\/\/www.phpwebquest.org\/wq25\/webquest\/soporte_tablon_w.php?id_actividad=25241&#038;id_pagina=1\">La demanda  <\/a><\/p>\n<\/td>\n<td width=\"121\" align=\"center\" valign=\"top\">\n<p>Ulises bonilla   <\/p>\n<\/td>\n<td width=\"75\" align=\"center\" valign=\"middle\">\n<p><a href=\"http:\/\/www.phpwebquest.org\/wq25\/webquest\/soporte_tablon_w.php?id_actividad=25241&#038;id_pagina=1\" target=\"_blank\">www<\/a><\/p>\n<\/td>\n<\/tr>\n<tr bgcolor=\"#E8FFF3\">\n<td width=\"246\" align=\"center\" valign=\"top\" bgcolor=\"#E8FFF3\">\n<p><a href=\"http:\/\/www.phpwebquest.org\/wq25\/webquest\/soporte_derecha_w.php?id_actividad=25285&#038;id_pagina=1\" target=\"_blank\">Caracter\u00edsticas del neoliberalismo  <\/a><\/p>\n<\/td>\n<td width=\"121\" align=\"center\" valign=\"top\" bgcolor=\"#E8FFF3\">\n<p>: Luis Martinez   <\/p>\n<\/td>\n<td width=\"75\" align=\"center\" valign=\"middle\" bgcolor=\"#E8FFF3\">\n<p><a href=\"http:\/\/www.phpwebquest.org\/wq25\/webquest\/soporte_derecha_w.php?id_actividad=25285&#038;id_pagina=1\">www<\/a><\/p>\n<\/td>\n<\/tr>\n<\/table>\n<p><BR><BR><\/p>\n<table width=\"480\" border=\"1\" align=\"center\" cellpadding=\"3\" cellspacing=\"3\">\n<tr>\n<td colspan=\"3\" align=\"center\" valign=\"top\" bgcolor=\"#D2F8A0\">\n<p><strong>Econom\u00eda   2\u00ba    Bachillerato<\/strong><\/p>\n<\/td>\n<\/tr>\n<tr>\n<td width=\"246\" align=\"center\" valign=\"top\">\n<p><strong>TEMA<\/strong><\/p>\n<\/td>\n<td width=\"121\" align=\"center\" valign=\"top\">\n<p><strong>AUTOR\/A<\/strong><\/p>\n<\/td>\n<td width=\"75\" align=\"center\" valign=\"top\">\n<p><strong>URL<\/strong><\/p>\n<\/td>\n<\/tr>\n<tr>\n<td align=\"center\" valign=\"top\">\n<p><a href=\"http:\/\/web.educastur.princast.es\/cursos\/cursowqp\/aplic\/m jesus rodriguez\/index.htm\" target=\"_blank\">Ser empresario   <\/a><\/p>\n<\/td>\n<td align=\"center\" valign=\"top\">\n<p>Maria Jesus Rodr\u00edguez  <\/p>\n<\/td>\n<td align=\"center\" valign=\"middle\">\n<p><a href=\"http:\/\/web.educastur.princast.es\/cursos\/cursowqp\/aplic\/m jesus rodriguez\/index.htm\" target=\"_blank\">www<\/a><\/p>\n<\/td>\n<\/tr>\n<tr bgcolor=\"#FFE9E8\">\n<td align=\"center\" valign=\"top\" bgcolor=\"#FFE9E8\">\n<p><a href=\"http:\/\/web.educastur.princast.es\/cursos\/cursowqp\/aplic\/ignacio alvarez\/index.htm\" target=\"_blank\">Creaci\u00f3n de mi empresa  <\/a><\/p>\n<\/td>\n<td align=\"center\" valign=\"top\">\n<p>Ignacio Alvarez   <\/p>\n<\/td>\n<td align=\"center\" valign=\"middle\" bgcolor=\"#FFE9E8\">\n<p><a href=\"http:\/\/web.educastur.princast.es\/cursos\/cursowqp\/aplic\/ignacio alvarez\/index.htm\" target=\"_blank\">www<\/a><\/p>\n<\/td>\n<\/tr>\n<tr>\n<td align=\"center\" valign=\"top\">\n<p><a href=\"http:\/\/www.phpwebquest.org\/wq25\/webquest\/soporte_izquierda_w.php?id_actividad=25498&#038;id_pagina=1\" target=\"_blank\">Logistica comercial<\/a><\/p>\n<\/td>\n<td align=\"center\" valign=\"top\">\n<p>Juan Carlos S\u00e1nchez Ruiz      <\/p>\n<\/td>\n<td align=\"center\" valign=\"middle\">\n<p><a href=\"http:\/\/www.phpwebquest.org\/wq25\/webquest\/soporte_izquierda_w.php?id_actividad=25498&#038;id_pagina=1\" target=\"_blank\">www<\/a><\/p>\n<\/td>\n<\/tr>\n<tr bgcolor=\"#FFE9E8\">\n<td align=\"center\" valign=\"top\" bgcolor=\"#FFE9E8\">\n<p><a href=\"http:\/\/www.phpwebquest.org\/wq25\/webquest\/soporte_tablon_w.php?id_actividad=25225&#038;id_pagina=1\" target=\"_blank\">Mejora de la productividad  <\/a> <\/p>\n<\/td>\n<td align=\"center\" valign=\"top\">\n<p>Juan Carlos Alas    <\/p>\n<\/td>\n<td align=\"center\" valign=\"middle\" bgcolor=\"#FFE9E8\">\n<p><a href=\"http:\/\/www.phpwebquest.org\/wq25\/webquest\/soporte_tablon_w.php?id_actividad=25225&#038;id_pagina=1\" target=\"_blank\">www<\/a><\/p>\n<\/td>\n<\/tr>\n<tr>\n<td align=\"center\" valign=\"top\">\n<p><a href=\"http:\/\/www.phpwebquest.org\/wq25\/webquest\/soporte_horizontal_w.php?id_actividad=25228&#038;id_pagina=1\" target=\"_blank\">Generalidades del mercadeo<\/a><\/p>\n<\/td>\n<td align=\"center\" valign=\"top\">\n<p>Mylena Jimenez   <\/p>\n<\/td>\n<td align=\"center\" valign=\"middle\">\n<p><a href=\"http:\/\/www.phpwebquest.org\/wq25\/webquest\/soporte_horizontal_w.php?id_actividad=25228&#038;id_pagina=1\" target=\"_blank\">www<\/a><\/p>\n<\/td>\n<\/tr>\n<tr bgcolor=\"#FFE9E8\">\n<td align=\"center\" valign=\"top\" bgcolor=\"#FFE9E8\">\n<p><a href=\"http:\/\/www.phpwebquest.org\/wq25\/webquest\/soporte_horizontal_w.php?id_actividad=25236&#038;id_pagina=1\" target=\"_blank\">: Las empresas del sector tur\u00edstico <\/a>   <\/p>\n<\/td>\n<td align=\"center\" valign=\"top\">\n<p>Bernardo Trujillo Le\u00f3n  <\/p>\n<\/td>\n<td align=\"center\" valign=\"middle\" bgcolor=\"#FFE9E8\">\n<p><a href=\"http:\/\/www.phpwebquest.org\/wq25\/webquest\/soporte_horizontal_w.php?id_actividad=25236&#038;id_pagina=1\" target=\"_blank\">www<\/a><\/p>\n<\/td>\n<\/tr>\n<tr>\n<td align=\"center\" valign=\"top\">\n<p><a href=\"http:\/\/www.phpwebquest.org\/wq25\/webquest\/soporte_tablon_w.php?id_actividad=25242&#038;id_pagina=1\" target=\"_blank\">Funciones b\u00e1sicas de la empresa  <\/a><\/p>\n<\/td>\n<td align=\"center\" valign=\"top\">\n<p>Guillermo Gutierrez Montoya  <\/p>\n<\/td>\n<td align=\"center\" valign=\"middle\">\n<p><a href=\"http:\/\/www.phpwebquest.org\/wq25\/webquest\/soporte_tablon_w.php?id_actividad=25242&#038;id_pagina=1\" target=\"_blank\">www<\/a><\/p>\n<\/td>\n<\/tr>\n<\/table>\n","protected":false},"excerpt":{"rendered":"<p>&nbsp; \u00bfQu\u00e9 es una webquest de econom\u00eda? &nbsp; &nbsp; Portal de educaci\u00f3n c\u00edvico tributaria realizado por la agencia tributaria Publicado la edici\u00f3n electr\u00f3nica GRATUITA de CUENTOS ECON\u00d3MICOS de David Anisi, catedr\u00e1tico de Econom\u00eda e Historia en la Universidad de Salamanca Juego para emprendedores realizado por Bancaja Historia del dinero realizada por la Caja Burgos Comunidad [&hellip;]<\/p>\n","protected":false},"author":1,"featured_media":0,"parent":0,"menu_order":0,"comment_status":"open","ping_status":"open","template":"","meta":{"footnotes":""},"class_list":["post-40","page","type-page","status-publish","hentry"],"_links":{"self":[{"href":"http:\/\/econoweb.es\/index.php?rest_route=\/wp\/v2\/pages\/40","targetHints":{"allow":["GET"]}}],"collection":[{"href":"http:\/\/econoweb.es\/index.php?rest_route=\/wp\/v2\/pages"}],"about":[{"href":"http:\/\/econoweb.es\/index.php?rest_route=\/wp\/v2\/types\/page"}],"author":[{"embeddable":true,"href":"http:\/\/econoweb.es\/index.php?rest_route=\/wp\/v2\/users\/1"}],"replies":[{"embeddable":true,"href":"http:\/\/econoweb.es\/index.php?rest_route=%2Fwp%2Fv2%2Fcomments&post=40"}],"version-history":[{"count":0,"href":"http:\/\/econoweb.es\/index.php?rest_route=\/wp\/v2\/pages\/40\/revisions"}],"wp:attachment":[{"href":"http:\/\/econoweb.es\/index.php?rest_route=%2Fwp%2Fv2%2Fmedia&parent=40"}],"curies":[{"name":"wp","href":"https:\/\/api.w.org\/{rel}","templated":true}]}}