{"id":37,"date":"2007-09-11T13:33:52","date_gmt":"2007-09-11T11:33:52","guid":{"rendered":"http:\/\/econoweb.es\/blog\/?page_id=37"},"modified":"2014-11-19T15:31:49","modified_gmt":"2014-11-19T13:31:49","slug":"actualidad","status":"publish","type":"page","link":"https:\/\/econoweb.es\/","title":{"rendered":""},"content":{"rendered":"<style type=\"text\/css\"><!--.Estilo1 {color: #FF0000;font-weight: bold;}--><\/style>\n<div>\n<p><a href=\"http:\/\/econoweb.es\/?page_id=34\"><\/p>\n<h2>Nuevos TEST<\/h2>\n<p><\/a><\/p>\n<p> . <\/p>\n<table width=\"100%\" border=\"0\" cellspacing=\"2\" cellpadding=\"0\">\n<tr>\n<td align=\"center\" valign=\"top\">\n<li>Selectividad a&ntilde;o <strong>2014 <\/strong><img decoding=\"async\" src=\"http:\/\/econoweb.es\/imagenes\/nuevo.gif\">\n<ul>\n<li><a href=\"\/blog\/Eco_Adm_Emp\/test\/Selec2014a.htm\">test a<\/a><\/li>\n<li><a href=\"\/blog\/Eco_Adm_Emp\/test\/Selec2014b.htm\">test b<\/a><\/li>\n<li><a href=\"\/blog\/Eco_Adm_Emp\/test\/Selec2014c.htm\">test c<\/a><\/li>\n<li><a href=\"\/blog\/Eco_Adm_Emp\/test\/Selec2014d.htm\">test d<\/a><\/li>\n<\/ul>\n<\/li>\n<p>&nbsp;  <\/p>\n<\/td>\n<\/tr>\n<\/table>\n<table width=\"100%\" border=\"0\" cellspacing=\"2\" cellpadding=\"0\">\n<tr>\n<td align=\"center\" valign=\"top\">\n<li>Selectividad a&ntilde;o <strong>2013 <\/strong><img decoding=\"async\" src=\"http:\/\/econoweb.es\/imagenes\/nuevo.gif\">\n<ul>\n<li><a href=\"\/blog\/Eco_Adm_Emp\/test\/Selec2013junioA.htm\">test a<\/a><\/li>\n<li><a href=\"\/blog\/Eco_Adm_Emp\/test\/Selec2013junioB.htm\">test b<\/a><\/li>\n<li><a href=\"\/blog\/Eco_Adm_Emp\/test\/Selec2013septiembreA.htm\">Septiembre test a<\/a><\/li>\n<li><a href=\"\/blog\/Eco_Adm_Emp\/test\/Selec2013septiembreB.htm\">Septiembre test b<\/a><\/li>\n<\/ul>\n<\/li>\n<p>&nbsp;  <\/p>\n<\/td>\n<\/tr>\n<\/table>\n<table width=\"100%\" border=\"0\" cellspacing=\"2\" cellpadding=\"0\">\n<tr>\n<td align=\"center\" valign=\"top\">\n<li>Selectividad a&ntilde;o <strong>2009<\/strong>\n<ul>\n<li><a href=\"\/blog\/Eco_Adm_Emp\/test\/Selec2009a.htm\">test a<\/a><\/li>\n<li><a href=\"\/blog\/Eco_Adm_Emp\/test\/Selec2009b.htm\">test b<\/a><\/li>\n<li><a href=\"\/blog\/Eco_Adm_Emp\/test\/Selec2009c.htm\">test c<\/a><\/li>\n<li><a href=\"\/blog\/Eco_Adm_Emp\/test\/Selec2009d.htm\">test d<\/a><\/li>\n<li><a href=\"\/blog\/Eco_Adm_Emp\/test\/Selec2009e.htm\">test e<\/a><\/li>\n<li><a href=\"\/blog\/Eco_Adm_Emp\/test\/Selec2009f.htm\">test f<\/a> <\/li>\n<li><a href=\"\/blog\/Eco_Adm_Emp\/test\/Selec2009g.htm\">test g<\/a> <\/li>\n<li><a href=\"\/blog\/Eco_Adm_Emp\/test\/Selec2009h.htm\">test h<\/a> <\/li>\n<li><a href=\"\/blog\/Eco_Adm_Emp\/test\/Selec2009i.htm\">test i<\/a> <\/li>\n<li><a href=\"\/blog\/Eco_Adm_Emp\/test\/Selec2009j.htm\">test j<\/a> <\/li>\n<li><a href=\"\/blog\/Eco_Adm_Emp\/test\/Selec2009k.htm\">test k<\/a> <\/li>\n<li><a href=\"\/blog\/Eco_Adm_Emp\/test\/Selec2009l.htm\">test l<\/a> <\/li>\n<\/ul>\n<\/li>\n<\/td>\n<td align=\"center\" valign=\"top\">\n<li>Selectividad a&ntilde;o <strong>2011<\/strong>\n<ul>\n<li><a href=\"\/blog\/Eco_Adm_Emp\/test\/Selec2011a.htm\">test a<\/a><\/li>\n<li><a href=\"\/blog\/Eco_Adm_Emp\/test\/Selec2011b.htm\">test b<\/a><\/li>\n<li><a href=\"\/blog\/Eco_Adm_Emp\/test\/Selec2011c.htm\">test c<\/a><\/li>\n<li><a href=\"\/blog\/Eco_Adm_Emp\/test\/Selec2011d.htm\">test d<\/a><\/li>\n<li><a href=\"\/blog\/Eco_Adm_Emp\/test\/Selec2011e.htm\">test e<\/a><\/li>\n<li><a href=\"\/blog\/Eco_Adm_Emp\/test\/Selec2011f.htm\">test f<\/a> <\/li>\n<li><a href=\"\/blog\/Eco_Adm_Emp\/test\/Selec2011g.htm\">test g<\/a> <\/li>\n<li><a href=\"\/blog\/Eco_Adm_Emp\/test\/Selec2011h.htm\">test h<\/a> <\/li>\n<li><a href=\"\/blog\/Eco_Adm_Emp\/test\/Selec2011i.htm\">test i<\/a> <\/li>\n<li><a href=\"\/blog\/Eco_Adm_Emp\/test\/Selec2011j.htm\">test j<\/a> <\/li>\n<li><a href=\"\/blog\/Eco_Adm_Emp\/test\/Selec2011k.htm\">test k<\/a> <\/li>\n<li><a href=\"\/blog\/Eco_Adm_Emp\/test\/Selec2011l.htm\">test l<\/a> <\/li>\n<\/ul>\n<\/li>\n<\/td>\n<td align=\"center\" valign=\"top\">\n<li>Selectividad a&ntilde;o <strong>2012 <\/strong>\n<ul>\n<li><a href=\"\/blog\/Eco_Adm_Emp\/test\/Selec2012a.htm\">test a<\/a><\/li>\n<li><a href=\"\/blog\/Eco_Adm_Emp\/test\/Selec2012b.htm\">test b<\/a><\/li>\n<li><a href=\"\/blog\/Eco_Adm_Emp\/test\/Selec2012c.htm\">test c<\/a><\/li>\n<li><a href=\"\/blog\/Eco_Adm_Emp\/test\/Selec2012d.htm\">test d<\/a><\/li>\n<li><a href=\"\/blog\/Eco_Adm_Emp\/test\/Selec2012e.htm\">test e<\/a><\/li>\n<li><a href=\"\/blog\/Eco_Adm_Emp\/test\/Selec2012f.htm\">test f<\/a> <\/li>\n<li><a href=\"\/blog\/Eco_Adm_Emp\/test\/Selec2012g.htm\">test g<\/a> <\/li>\n<li><a href=\"\/blog\/Eco_Adm_Emp\/test\/Selec2012h.htm\">test h<\/a> <\/li>\n<li><a href=\"\/blog\/Eco_Adm_Emp\/test\/Selec2012i.htm\">test i<\/a> <\/li>\n<li><a href=\"\/blog\/Eco_Adm_Emp\/test\/Selec2012k.htm\">test k<\/a> <\/li>\n<li><a href=\"\/blog\/Eco_Adm_Emp\/test\/Selec2012m.htm\">test m<\/a> <\/li>\n<li><a href=\"\/blog\/Eco_Adm_Emp\/test\/Selec2012n.htm\">test n<\/a> <\/li>\n<\/ul>\n<\/li>\n<\/td>\n<\/tr>\n<\/table>\n<p><\/p>\n<h2>Juegos de Econom\u00eda<\/h2>\n<div align=\"center\">\n<a href=\"http:\/\/econoweb.es\/millonario2.html\"><img loading=\"lazy\" decoding=\"async\" src=\"http:\/\/econoweb.es\/imagenes\/50x15_2.jpg\" alt=\"\" width=\"400\" height=\"300\" border=\"0\"><\/a><a href=\"http:\/\/econoweb.es\/millonario1.html\"><\/a><\/div>\n<div align=\"center\">\n<a href=\"http:\/\/econoweb.es\/millonario1.html\"><img loading=\"lazy\" decoding=\"async\" src=\"http:\/\/econoweb.es\/imagenes\/50x15_1.jpg\" width=\"400\" height=\"300\" border=\"0\"><\/a><\/div>\n<p><\/p>\n<table border=\"0\" align=\"center\" cellpadding=\"6\" cellspacing=\"6\" bgcolor=\"#FFDFFF\">\n<tr>\n<td>\n<div align=\"center\">\n<p><b><span class=\"Estilo1\">PONENCIA DE SELECTIVIDAD: D\u00eda 11 de Diciembre de 2009<\/spam><\/b><\/p>\n<p><a href=\"http:\/\/econoweb.es\/?page_id=167\"><img loading=\"lazy\" decoding=\"async\" src=\"http:\/\/www.econoweb.es\/blog\/doc\/nota.jpg\" width=\"48\" height=\"48\" border=\"0\" align=\"absmiddle\">Ver Documento en la Web<\/a><\/p>\n<\/div>\n<\/td>\n<\/tr>\n<\/table>\n<p><\/p>\n<table border=\"0\" align=\"center\" cellpadding=\"6\" cellspacing=\"6\" bgcolor=\"#DAECFE\">\n<tr>\n<td>\n<div align=\"center\">\u00abTEST INTERACTIVOS DE SELECTIVIDAD (<span class=\"Estilo1\">JUNIO 2009<\/span>).\u00bb<br \/>\nPara acceder <a href=\"http:\/\/econoweb.es\/?page_id=34\">pincha aqu&iacute;<\/a>.<\/div>\n<\/td>\n<\/tr>\n<\/table>\n<h2>Actualidad<\/h2>\n<table width=\"484\" border=\"0\" align=\"center\" cellpadding=\"2\" cellspacing=\"3\">\n<tr>\n<td colspan=\"2\" align=\"center\" bgcolor=\"#FFECD9\">\n<p><a href=\"http:\/\/www.econoweb.es\/blog\/novedades\/La_aventura_de_ser_maestro.pdf\" target=\"_blank\"> La aventura de ser maestro.<\/a><\/p>\n<\/td>\n<\/tr>\n<\/table>\n<p><\/p>\n<table width=\"484\" border=\"0\" align=\"center\" cellpadding=\"2\" cellspacing=\"3\">\n<tr>\n<td colspan=\"2\" align=\"center\" bgcolor=\"#DBFFD9\">\n<p>&#8211; <a href=\"http:\/\/econoweb.es\/?page_id=32\">\u00bfPuede la labor docente influir   en la econom\u00eda?<\/a><\/p>\n<\/td>\n<\/tr>\n<\/table>\n<table width=\"484\" border=\"0\" align=\"center\" cellpadding=\"2\" cellspacing=\"3\">\n<tr>\n<td colspan=\"2\" align=\"center\" bgcolor=\"#FFECD9\">\n<p> \u00bfPor qu\u00e9 estudiar econom\u00eda? <a href=\"http:\/\/www.eleconomista.es\/gestion-empresarial\/noticias\/179171\/03\/07\/La-economia-no-es-tan-aburrida-si-se-sabe-como-explicar.html\" target=\"_blank\">La econom\u00eda no es aburrida<\/a><\/p>\n<\/td>\n<\/tr>\n<\/table>\n<p><\/p>\n<h2>Novedades<\/h2>\n<p>&#8211; <a href=\"http:\/\/econoweb.es\/?page_id=27\">Premios nobel de econom\u00eda<br \/><img decoding=\"async\" src=\"http:\/\/www.econoweb.es\/imagenes\/pnde2.jpg\"><\/a><\/p>\n<p>&#8211; <a href=\"http:\/\/econoweb.es\/?page_id=28\">Citas C\u00e9lebre<br \/><img decoding=\"async\" src=\"http:\/\/www.econoweb.es\/imagenes\/cice.jpg\"> <\/a><\/p>\n<p>&nbsp;&nbsp;<\/p>\n<table width=\"484\" border=\"0\" align=\"center\" cellpadding=\"2\" cellspacing=\"3\">\n<tr>\n<td colspan=\"2\" align=\"center\" bgcolor=\"#FFECD9\">\n<p><p><strong>&quot;El euro&quot;<\/strong>: <a href=\"http:\/\/www.ecb.int\/bc\/euro\/html\/index.es.html\" target=\"_blank\">m\u00e1s informaci\u00f3n acerca de los billetes en euros: apariencia, elementos de seguridad y comprobaci\u00f3n de su autenticidad. <\/a><\/p>\n<\/p>\n<\/td>\n<\/tr>\n<\/table>\n<p>&nbsp;&nbsp;<\/p>\n<h2>Econom\u00eda<\/h2>\n<p>&nbsp;&nbsp;<\/p>\n<table width=\"484\" border=\"0\" align=\"center\" cellpadding=\"2\" cellspacing=\"3\">\n<tr>\n<td colspan=\"2\" align=\"center\" bgcolor=\"#DBFFD9\">\n<p><a href=\"http:\/\/www.edebedigital.com\/EV\/fmur\/evbach1econ.htm\" target=\"_blank\">Enlace de <strong>Material<\/strong> elaborado por otros profesores&#8230; <\/a><\/p>\n<\/td>\n<\/tr>\n<\/table>\n<p><\/p>\n<table width=\"484\" border=\"0\" align=\"center\" cellpadding=\"2\" cellspacing=\"3\">\n<tr>\n<td colspan=\"2\" align=\"center\" bgcolor=\"#D2E3FF\">\n<p> <a href=\"http:\/\/dewey.uab.es\/pmarques\/pdigital\/webs\/pizecon11.htm\" target=\"_blank\"><strong>PIZARRA DIGITAL<\/strong><\/a><\/p>\n<\/td>\n<\/tr>\n<\/table>\n<p>&nbsp;&nbsp;<\/p>\n<h2>Econom\u00eda y Administraci\u00f3n de Empresa<\/h2>\n<p>&nbsp;&nbsp;<\/p>\n<p><\/p>\n<table width=\"484\" border=\"0\" align=\"center\" cellpadding=\"2\" cellspacing=\"3\">\n<tr>\n<td colspan=\"2\" align=\"center\" bgcolor=\"#FFECD9\">\n<p> <a href=\"http:\/\/www.edebedigital.com\/EV\/fmur\/evbach2econ.htm\" target=\"_blank\"><strong>ENCICLOPEDIA VIRTUAL: <\/strong>Material elaborado por otros profesores<\/a><\/p>\n<\/td>\n<\/tr>\n<\/table>\n<p><\/p>\n<table width=\"484\" border=\"0\" align=\"center\" cellpadding=\"2\" cellspacing=\"3\">\n<tr>\n<td colspan=\"2\" align=\"center\" bgcolor=\"#D2E3FF\">\n<p> <a href=\"http:\/\/dewey.uab.es\/pmarques\/pdigital\/webs\/pizeconorg2.htm\" target=\"_blank\"><strong>PIZARRA DIGITAL<\/strong><\/a><\/p>\n<\/td>\n<\/tr>\n<\/table>\n<p><\/div>\n","protected":false},"excerpt":{"rendered":"<p>Nuevos TEST . Selectividad a&ntilde;o 2014 test a test b test c test d &nbsp; Selectividad a&ntilde;o 2013 test a test b Septiembre test a Septiembre test b &nbsp; Selectividad a&ntilde;o 2009 test a test b test c test d test e test f test g test h test i test j test k test [&hellip;]<\/p>\n","protected":false},"author":1,"featured_media":0,"parent":0,"menu_order":0,"comment_status":"closed","ping_status":"closed","template":"","meta":{"footnotes":""},"class_list":["post-37","page","type-page","status-publish","hentry"],"_links":{"self":[{"href":"https:\/\/econoweb.es\/index.php?rest_route=\/wp\/v2\/pages\/37","targetHints":{"allow":["GET"]}}],"collection":[{"href":"https:\/\/econoweb.es\/index.php?rest_route=\/wp\/v2\/pages"}],"about":[{"href":"https:\/\/econoweb.es\/index.php?rest_route=\/wp\/v2\/types\/page"}],"author":[{"embeddable":true,"href":"https:\/\/econoweb.es\/index.php?rest_route=\/wp\/v2\/users\/1"}],"replies":[{"embeddable":true,"href":"https:\/\/econoweb.es\/index.php?rest_route=%2Fwp%2Fv2%2Fcomments&post=37"}],"version-history":[{"count":41,"href":"https:\/\/econoweb.es\/index.php?rest_route=\/wp\/v2\/pages\/37\/revisions"}],"predecessor-version":[{"id":248,"href":"https:\/\/econoweb.es\/index.php?rest_route=\/wp\/v2\/pages\/37\/revisions\/248"}],"wp:attachment":[{"href":"https:\/\/econoweb.es\/index.php?rest_route=%2Fwp%2Fv2%2Fmedia&parent=37"}],"curies":[{"name":"wp","href":"https:\/\/api.w.org\/{rel}","templated":true}]}}